{"id":3925,"date":"2025-02-27T17:22:43","date_gmt":"2025-02-27T16:22:43","guid":{"rendered":"https:\/\/tiaretessuti.com\/prodotto\/fabric-sample\/"},"modified":"2026-03-30T14:44:52","modified_gmt":"2026-03-30T12:44:52","slug":"fabric-sample","status":"publish","type":"product","link":"https:\/\/tiaretessuti.com\/fr\/produit\/fabric-sample\/","title":{"rendered":"Fabric sample"},"content":{"rendered":"","protected":false},"excerpt":{"rendered":"<p>Souhaitez-vous d\u00e9couvrir concr\u00e8tement l\u2019excellence de nos tissus ? Choisissez et demandez un \u00e9chantillon gratuit (format 21 x 29 cm). <strong>Livraison rapide sous 48 heures<\/strong> avec une petite contribution de 15 \u20ac. <\/p>\n<p>Chaque tissu Tiar\u00e8 est <strong>enti\u00e8rement fabriqu\u00e9 \u00e0 C\u00f4me<\/strong>, berceau de la tradition textile italienne, pour vous offrir le meilleur de l\u2019artisanat et de l\u2019innovation.<\/p>\n<p>D\u00e9couvrez notre s\u00e9lection de tissus raffin\u00e9s, choisis par les marques fran\u00e7aises et italiennes les plus prestigieuses. Qualit\u00e9 haute couture, couleurs exclusives et textures sophistiqu\u00e9es pour donner vie \u00e0 des cr\u00e9ations \u00e9l\u00e9gantes et sur mesure. <\/p>\n<p><em>Il est possible de demander un \u00e9chantillon du m\u00eame tissu jusqu\u2019\u00e0 un <strong>maximum de 5 \u00e9chantillons<\/strong>. Pour des quantit\u00e9s sup\u00e9rieures, vous pouvez <a href=\"https:\/\/tiaretessuti.com\/fr\/contact\/\" target=\"_blank\" rel=\"noopener\">nous contacter<\/a> directement. <\/em><\/p>\n<p>&nbsp;<\/p>\n","protected":false},"featured_media":3218,"comment_status":"closed","ping_status":"closed","template":"","meta":{"_acf_changed":false},"product_brand":[],"product_cat":[375],"product_tag":[],"class_list":{"0":"post-3925","1":"product","2":"type-product","3":"status-publish","4":"has-post-thumbnail","6":"product_cat-echantillon-de-tissu","7":"product_shipping_class-echantillon-de-tissu","9":"first","10":"instock","11":"sold-individually","12":"taxable","13":"shipping-taxable","14":"purchasable","15":"product-type-variable"},"acf":[],"_links":{"self":[{"href":"https:\/\/tiaretessuti.com\/fr\/wp-json\/wp\/v2\/product\/3925","targetHints":{"allow":["GET"]}}],"collection":[{"href":"https:\/\/tiaretessuti.com\/fr\/wp-json\/wp\/v2\/product"}],"about":[{"href":"https:\/\/tiaretessuti.com\/fr\/wp-json\/wp\/v2\/types\/product"}],"replies":[{"embeddable":true,"href":"https:\/\/tiaretessuti.com\/fr\/wp-json\/wp\/v2\/comments?post=3925"}],"wp:featuredmedia":[{"embeddable":true,"href":"https:\/\/tiaretessuti.com\/fr\/wp-json\/wp\/v2\/media\/3218"}],"wp:attachment":[{"href":"https:\/\/tiaretessuti.com\/fr\/wp-json\/wp\/v2\/media?parent=3925"}],"wp:term":[{"taxonomy":"product_brand","embeddable":true,"href":"https:\/\/tiaretessuti.com\/fr\/wp-json\/wp\/v2\/product_brand?post=3925"},{"taxonomy":"product_cat","embeddable":true,"href":"https:\/\/tiaretessuti.com\/fr\/wp-json\/wp\/v2\/product_cat?post=3925"},{"taxonomy":"product_tag","embeddable":true,"href":"https:\/\/tiaretessuti.com\/fr\/wp-json\/wp\/v2\/product_tag?post=3925"}],"curies":[{"name":"wp","href":"https:\/\/api.w.org\/{rel}","templated":true}]}}