{"id":3347,"date":"2024-02-01T12:21:27","date_gmt":"2024-02-01T11:21:27","guid":{"rendered":"https:\/\/tiaretessuti.com\/prodotto\/taffetas-de-soie\/"},"modified":"2025-07-01T00:01:15","modified_gmt":"2025-06-30T22:01:15","slug":"taffetas-de-soie","status":"publish","type":"product","link":"https:\/\/tiaretessuti.com\/fr\/produit\/taffetas-de-soie\/","title":{"rendered":"Taffetas de soie"},"content":{"rendered":"","protected":false},"excerpt":{"rendered":"<p>Le <strong>taffetas de soie<\/strong> a un aspect luxueux, un lustre naturel et une grande douceur au toucher. Le <strong>taffetas de soie<\/strong> est connu pour sa <strong>l\u00e9g\u00e8ret\u00e9<\/strong>, son drap\u00e9 \u00e9l\u00e9gant et sa capacit\u00e9 \u00e0 <strong>maintenir les plis <\/strong><strong>avec pr\u00e9cision<\/strong>. C&rsquo;est un tissu souvent utilis\u00e9 pour les robes de soir\u00e9e, les robes de mari\u00e9e et autres v\u00eatements \u00e9l\u00e9gants.  <\/p>\n<p>Caract\u00e9ristiques techniques :<\/p>\n<ul>\n<li>Composition du tissu: 100% SE<\/li>\n<li>Poids: 85\/94 g \/ MTL<\/li>\n<li>Hauteur: 130\/135 cm<\/li>\n<\/ul>\n<p>&nbsp;<\/p>\n<p>Tous les produits Tiar\u00e8 Tessuti, <strong>enti\u00e8rement fabriqu\u00e9s \u00e0 C\u00f4me<\/strong>, la capitale de la soie, sont disponibles avec une <strong>livraison rapide<\/strong> en 24\/48 heures.<\/p>\n","protected":false},"featured_media":3355,"comment_status":"closed","ping_status":"closed","template":"","meta":{"_acf_changed":false},"product_brand":[],"product_cat":[142],"product_tag":[],"class_list":{"0":"post-3347","1":"product","2":"type-product","3":"status-publish","4":"has-post-thumbnail","6":"product_cat-taffetas","8":"first","9":"instock","10":"taxable","11":"shipping-taxable","12":"purchasable","13":"product-type-variable"},"acf":[],"_links":{"self":[{"href":"https:\/\/tiaretessuti.com\/fr\/wp-json\/wp\/v2\/product\/3347","targetHints":{"allow":["GET"]}}],"collection":[{"href":"https:\/\/tiaretessuti.com\/fr\/wp-json\/wp\/v2\/product"}],"about":[{"href":"https:\/\/tiaretessuti.com\/fr\/wp-json\/wp\/v2\/types\/product"}],"replies":[{"embeddable":true,"href":"https:\/\/tiaretessuti.com\/fr\/wp-json\/wp\/v2\/comments?post=3347"}],"wp:featuredmedia":[{"embeddable":true,"href":"https:\/\/tiaretessuti.com\/fr\/wp-json\/wp\/v2\/media\/3355"}],"wp:attachment":[{"href":"https:\/\/tiaretessuti.com\/fr\/wp-json\/wp\/v2\/media?parent=3347"}],"wp:term":[{"taxonomy":"product_brand","embeddable":true,"href":"https:\/\/tiaretessuti.com\/fr\/wp-json\/wp\/v2\/product_brand?post=3347"},{"taxonomy":"product_cat","embeddable":true,"href":"https:\/\/tiaretessuti.com\/fr\/wp-json\/wp\/v2\/product_cat?post=3347"},{"taxonomy":"product_tag","embeddable":true,"href":"https:\/\/tiaretessuti.com\/fr\/wp-json\/wp\/v2\/product_tag?post=3347"}],"curies":[{"name":"wp","href":"https:\/\/api.w.org\/{rel}","templated":true}]}}