{"id":3337,"date":"2024-02-09T09:48:44","date_gmt":"2024-02-09T08:48:44","guid":{"rendered":"https:\/\/tiaretessuti.com\/prodotto\/micro-polyester-taffetas\/"},"modified":"2025-07-01T00:01:15","modified_gmt":"2025-06-30T22:01:15","slug":"micro-polyester-taffetas","status":"publish","type":"product","link":"https:\/\/tiaretessuti.com\/fr\/produit\/micro-polyester-taffetas\/","title":{"rendered":"Micro polyester taffetas"},"content":{"rendered":"","protected":false},"excerpt":{"rendered":"<p>Le <strong>taffetas micro-polyester <\/strong>est une variante du taffetas polyester qui utilise des microfibres de polyester \u00e0 la place des fibres de polyester traditionnelles. La microfibre de polyester est beaucoup plus fine que les fibres de polyester standard, ce qui rend le <strong>tissu l\u00e9ger<\/strong> et <strong>agr\u00e9able \u00e0 porter<\/strong>. Ce tissu peut \u00eatre utilis\u00e9 pour les robes de soir\u00e9e, les jupes, les vestes et les accessoires de maison.  <\/p>\n<p>Caract\u00e9ristiques techniques :<\/p>\n<ul>\n<li>Composition du tissu: 100% PL<\/li>\n<li>Poids: 88\/97 g \/ MTL<\/li>\n<li>Hauteur: 130\/135 cm<\/li>\n<\/ul>\n","protected":false},"featured_media":3338,"comment_status":"closed","ping_status":"closed","template":"","meta":{"_acf_changed":false},"product_brand":[],"product_cat":[142],"product_tag":[],"class_list":{"0":"post-3337","1":"product","2":"type-product","3":"status-publish","4":"has-post-thumbnail","6":"product_cat-taffetas","8":"first","9":"instock","10":"taxable","11":"shipping-taxable","12":"purchasable","13":"product-type-variable"},"acf":[],"_links":{"self":[{"href":"https:\/\/tiaretessuti.com\/fr\/wp-json\/wp\/v2\/product\/3337","targetHints":{"allow":["GET"]}}],"collection":[{"href":"https:\/\/tiaretessuti.com\/fr\/wp-json\/wp\/v2\/product"}],"about":[{"href":"https:\/\/tiaretessuti.com\/fr\/wp-json\/wp\/v2\/types\/product"}],"replies":[{"embeddable":true,"href":"https:\/\/tiaretessuti.com\/fr\/wp-json\/wp\/v2\/comments?post=3337"}],"wp:featuredmedia":[{"embeddable":true,"href":"https:\/\/tiaretessuti.com\/fr\/wp-json\/wp\/v2\/media\/3338"}],"wp:attachment":[{"href":"https:\/\/tiaretessuti.com\/fr\/wp-json\/wp\/v2\/media?parent=3337"}],"wp:term":[{"taxonomy":"product_brand","embeddable":true,"href":"https:\/\/tiaretessuti.com\/fr\/wp-json\/wp\/v2\/product_brand?post=3337"},{"taxonomy":"product_cat","embeddable":true,"href":"https:\/\/tiaretessuti.com\/fr\/wp-json\/wp\/v2\/product_cat?post=3337"},{"taxonomy":"product_tag","embeddable":true,"href":"https:\/\/tiaretessuti.com\/fr\/wp-json\/wp\/v2\/product_tag?post=3337"}],"curies":[{"name":"wp","href":"https:\/\/api.w.org\/{rel}","templated":true}]}}