{"id":3326,"date":"2024-02-09T10:34:24","date_gmt":"2024-02-09T09:34:24","guid":{"rendered":"https:\/\/tiaretessuti.com\/prodotto\/taffetas-de-polyester\/"},"modified":"2025-07-01T00:01:14","modified_gmt":"2025-06-30T22:01:14","slug":"taffetas-de-polyester","status":"publish","type":"product","link":"https:\/\/tiaretessuti.com\/fr\/produit\/taffetas-de-polyester\/","title":{"rendered":"Taffetas de polyester"},"content":{"rendered":"","protected":false},"excerpt":{"rendered":"<p>Le <strong>taffetas de polyester<\/strong> a un aspect brillant et lisse. Le <strong>taffetas de polyester<\/strong> est souvent utilis\u00e9 pour les v\u00eatements o\u00f9 la <strong>praticit\u00e9<\/strong> et la <strong>durabilit\u00e9<\/strong> sont importantes, comme les robes de demoiselle d&rsquo;honneur, les rideaux de robes de soir\u00e9e et les d\u00e9corations d&rsquo;\u00e9v\u00e9nements. <\/p>\n<p>Caract\u00e9ristiques techniques :<\/p>\n<ul>\n<li>Composition du tissu: 100% PL<\/li>\n<li>Poids: 110\/122 g \/ MTL<\/li>\n<li>Hauteur: 130\/135 cm<\/li>\n<\/ul>\n","protected":false},"featured_media":3327,"comment_status":"closed","ping_status":"closed","template":"","meta":{"_acf_changed":false},"product_brand":[],"product_cat":[142],"product_tag":[],"class_list":{"0":"post-3326","1":"product","2":"type-product","3":"status-publish","4":"has-post-thumbnail","6":"product_cat-taffetas","8":"first","9":"instock","10":"taxable","11":"shipping-taxable","12":"purchasable","13":"product-type-variable"},"acf":[],"_links":{"self":[{"href":"https:\/\/tiaretessuti.com\/fr\/wp-json\/wp\/v2\/product\/3326","targetHints":{"allow":["GET"]}}],"collection":[{"href":"https:\/\/tiaretessuti.com\/fr\/wp-json\/wp\/v2\/product"}],"about":[{"href":"https:\/\/tiaretessuti.com\/fr\/wp-json\/wp\/v2\/types\/product"}],"replies":[{"embeddable":true,"href":"https:\/\/tiaretessuti.com\/fr\/wp-json\/wp\/v2\/comments?post=3326"}],"wp:featuredmedia":[{"embeddable":true,"href":"https:\/\/tiaretessuti.com\/fr\/wp-json\/wp\/v2\/media\/3327"}],"wp:attachment":[{"href":"https:\/\/tiaretessuti.com\/fr\/wp-json\/wp\/v2\/media?parent=3326"}],"wp:term":[{"taxonomy":"product_brand","embeddable":true,"href":"https:\/\/tiaretessuti.com\/fr\/wp-json\/wp\/v2\/product_brand?post=3326"},{"taxonomy":"product_cat","embeddable":true,"href":"https:\/\/tiaretessuti.com\/fr\/wp-json\/wp\/v2\/product_cat?post=3326"},{"taxonomy":"product_tag","embeddable":true,"href":"https:\/\/tiaretessuti.com\/fr\/wp-json\/wp\/v2\/product_tag?post=3326"}],"curies":[{"name":"wp","href":"https:\/\/api.w.org\/{rel}","templated":true}]}}