{"id":3316,"date":"2024-02-09T10:36:57","date_gmt":"2024-02-09T09:36:57","guid":{"rendered":"https:\/\/tiaretessuti.com\/prodotto\/taffetas-de-soie-polyester\/"},"modified":"2025-07-01T00:01:14","modified_gmt":"2025-06-30T22:01:14","slug":"taffetas-de-soie-polyester","status":"publish","type":"product","link":"https:\/\/tiaretessuti.com\/fr\/produit\/taffetas-de-soie-polyester\/","title":{"rendered":"Taffetas de soie polyester"},"content":{"rendered":"","protected":false},"excerpt":{"rendered":"<p>Le <strong>taffetas polyester-soie<\/strong> est un tissu qui combine des fibres de <strong>polyester<\/strong> et de <strong>soie<\/strong>, offrant un compromis entre la <strong>praticit\u00e9 <\/strong>du polyester et l&rsquo;<strong>\u00e9l\u00e9gance<\/strong> de la soie. La pr\u00e9sence de soie dans le tissu donne au taffetas un aspect plus luxueux et une brillance naturelle. Le polyester est connu pour sa r\u00e9sistance aux plis, \u00e0 l&rsquo;usure et aux taches. Le m\u00e9lange de <strong>polyester et de soie<\/strong> dans le taffetas peut am\u00e9liorer la durabilit\u00e9 du tissu et en faciliter l&rsquo;entretien. Le <strong>taffetas de soie en polyester<\/strong> est <strong>polyvalent<\/strong> et peut \u00eatre utilis\u00e9 pour une vari\u00e9t\u00e9 de v\u00eatements et d&rsquo;accessoires, tels que les robes de mari\u00e9e, les jupes, les cravates et les \u00e9charpes.    <\/p>\n<p>Caract\u00e9ristiques techniques :<\/p>\n<ul>\n<li>Composition du tissu: 76% PL &#8211; 24% SE<\/li>\n<li>Poids: 96\/106 g \/ MTL<\/li>\n<li>Hauteur: 130\/135 cm<\/li>\n<\/ul>\n","protected":false},"featured_media":3317,"comment_status":"closed","ping_status":"closed","template":"","meta":{"_acf_changed":false},"product_brand":[],"product_cat":[142],"product_tag":[],"class_list":{"0":"post-3316","1":"product","2":"type-product","3":"status-publish","4":"has-post-thumbnail","6":"product_cat-taffetas","8":"first","9":"instock","10":"taxable","11":"shipping-taxable","12":"purchasable","13":"product-type-variable"},"acf":[],"_links":{"self":[{"href":"https:\/\/tiaretessuti.com\/fr\/wp-json\/wp\/v2\/product\/3316","targetHints":{"allow":["GET"]}}],"collection":[{"href":"https:\/\/tiaretessuti.com\/fr\/wp-json\/wp\/v2\/product"}],"about":[{"href":"https:\/\/tiaretessuti.com\/fr\/wp-json\/wp\/v2\/types\/product"}],"replies":[{"embeddable":true,"href":"https:\/\/tiaretessuti.com\/fr\/wp-json\/wp\/v2\/comments?post=3316"}],"wp:featuredmedia":[{"embeddable":true,"href":"https:\/\/tiaretessuti.com\/fr\/wp-json\/wp\/v2\/media\/3317"}],"wp:attachment":[{"href":"https:\/\/tiaretessuti.com\/fr\/wp-json\/wp\/v2\/media?parent=3316"}],"wp:term":[{"taxonomy":"product_brand","embeddable":true,"href":"https:\/\/tiaretessuti.com\/fr\/wp-json\/wp\/v2\/product_brand?post=3316"},{"taxonomy":"product_cat","embeddable":true,"href":"https:\/\/tiaretessuti.com\/fr\/wp-json\/wp\/v2\/product_cat?post=3316"},{"taxonomy":"product_tag","embeddable":true,"href":"https:\/\/tiaretessuti.com\/fr\/wp-json\/wp\/v2\/product_tag?post=3316"}],"curies":[{"name":"wp","href":"https:\/\/api.w.org\/{rel}","templated":true}]}}