{"id":3259,"date":"2024-02-09T11:35:43","date_gmt":"2024-02-09T10:35:43","guid":{"rendered":"https:\/\/tiaretessuti.com\/prodotto\/georgette-de-soie\/"},"modified":"2025-07-01T00:01:13","modified_gmt":"2025-06-30T22:01:13","slug":"georgette-de-soie","status":"publish","type":"product","link":"https:\/\/tiaretessuti.com\/fr\/produit\/georgette-de-soie\/","title":{"rendered":"Georgette de soie"},"content":{"rendered":"","protected":false},"excerpt":{"rendered":"<p>La <strong>georgette de soie<\/strong> est un tissu pr\u00e9cieux appr\u00e9ci\u00e9 pour son <strong>\u00e9l\u00e9gance<\/strong> fluide et sa <strong>polyvalence<\/strong> intemporelle. Parfaite pour les robes du soir, les chemisiers fins et les \u00e9charpes l\u00e9g\u00e8res, la <strong>georgette de soie<\/strong> ajoute une touche de luxe raffin\u00e9 \u00e0 toutes les cr\u00e9ations. Sa texture se caract\u00e9rise par une <strong>surface lisse<\/strong> et un aspect<strong> l\u00e9g\u00e8rement cr\u00eap\u00e9<\/strong>.  <\/p>\n<p>Caract\u00e9ristiques techniques :<\/p>\n<ul>\n<li>Composition du tissu: 100% SE<\/li>\n<li>Poids: 70\/78 g \/ MTL<\/li>\n<li>Hauteur: 120\/130 cm<\/li>\n<\/ul>\n<p>&nbsp;<\/p>\n<p>Tous les produits Tiar\u00e8 Tessuti, <strong>enti\u00e8rement fabriqu\u00e9s \u00e0 C\u00f4me<\/strong>, la capitale de la soie, sont disponibles avec une <strong>livraison rapide<\/strong> en 24\/48 heures.<\/p>\n","protected":false},"featured_media":3260,"comment_status":"closed","ping_status":"closed","template":"","meta":{"_acf_changed":false},"product_brand":[],"product_cat":[139],"product_tag":[],"class_list":{"0":"post-3259","1":"product","2":"type-product","3":"status-publish","4":"has-post-thumbnail","6":"product_cat-georgette","8":"first","9":"instock","10":"taxable","11":"shipping-taxable","12":"purchasable","13":"product-type-variable"},"acf":[],"_links":{"self":[{"href":"https:\/\/tiaretessuti.com\/fr\/wp-json\/wp\/v2\/product\/3259","targetHints":{"allow":["GET"]}}],"collection":[{"href":"https:\/\/tiaretessuti.com\/fr\/wp-json\/wp\/v2\/product"}],"about":[{"href":"https:\/\/tiaretessuti.com\/fr\/wp-json\/wp\/v2\/types\/product"}],"replies":[{"embeddable":true,"href":"https:\/\/tiaretessuti.com\/fr\/wp-json\/wp\/v2\/comments?post=3259"}],"wp:featuredmedia":[{"embeddable":true,"href":"https:\/\/tiaretessuti.com\/fr\/wp-json\/wp\/v2\/media\/3260"}],"wp:attachment":[{"href":"https:\/\/tiaretessuti.com\/fr\/wp-json\/wp\/v2\/media?parent=3259"}],"wp:term":[{"taxonomy":"product_brand","embeddable":true,"href":"https:\/\/tiaretessuti.com\/fr\/wp-json\/wp\/v2\/product_brand?post=3259"},{"taxonomy":"product_cat","embeddable":true,"href":"https:\/\/tiaretessuti.com\/fr\/wp-json\/wp\/v2\/product_cat?post=3259"},{"taxonomy":"product_tag","embeddable":true,"href":"https:\/\/tiaretessuti.com\/fr\/wp-json\/wp\/v2\/product_tag?post=3259"}],"curies":[{"name":"wp","href":"https:\/\/api.w.org\/{rel}","templated":true}]}}