{"id":3249,"date":"2024-02-09T11:41:21","date_gmt":"2024-02-09T10:41:21","guid":{"rendered":"https:\/\/tiaretessuti.com\/prodotto\/organza-de-soie\/"},"modified":"2025-07-01T00:01:12","modified_gmt":"2025-06-30T22:01:12","slug":"organza-de-soie","status":"publish","type":"product","link":"https:\/\/tiaretessuti.com\/fr\/produit\/organza-de-soie\/","title":{"rendered":"Organza de soie"},"content":{"rendered":"","protected":false},"excerpt":{"rendered":"<p>L&rsquo;<strong>organza de soie<\/strong> est un tissu appr\u00e9ci\u00e9 pour sa<strong> transparence <\/strong>et sa <strong>l\u00e9g\u00e8ret\u00e9<\/strong> in\u00e9gal\u00e9es. Parfaite pour les robes de mari\u00e9e, les d\u00e9corations et les cr\u00e9ations de haute couture, l&rsquo;<strong>organza de soie<\/strong> apporte une touche d&rsquo;\u00e9l\u00e9gance \u00e0 tout projet. Avec sa finition et sa structure soutenues, ce tissu offre une stabilit\u00e9 et un drap\u00e9 excellents, garantissant un <strong>r\u00e9sultat impeccable<\/strong> dans chaque cr\u00e9ation. L&rsquo;organza se pr\u00eate \u00e0 de nombreuses utilisations et interpr\u00e9tations sartoriales telles que les chemises, les robes de soir\u00e9e, les robes formelles ou les robes de mari\u00e9e aux lignes structur\u00e9es qui doivent conserver leur forme.   <\/p>\n<p>Caract\u00e9ristiques techniques :<\/p>\n<ul>\n<li>Composition du tissu: 100% SE<\/li>\n<li>Poids: 35\/39 g \/ MTL<\/li>\n<li>Hauteur: 130\/135 cm<\/li>\n<\/ul>\n","protected":false},"featured_media":3250,"comment_status":"closed","ping_status":"closed","template":"","meta":{"_acf_changed":false},"product_brand":[],"product_cat":[135],"product_tag":[],"class_list":{"0":"post-3249","1":"product","2":"type-product","3":"status-publish","4":"has-post-thumbnail","6":"product_cat-organza","8":"first","9":"instock","10":"taxable","11":"shipping-taxable","12":"purchasable","13":"product-type-variable"},"acf":[],"_links":{"self":[{"href":"https:\/\/tiaretessuti.com\/fr\/wp-json\/wp\/v2\/product\/3249","targetHints":{"allow":["GET"]}}],"collection":[{"href":"https:\/\/tiaretessuti.com\/fr\/wp-json\/wp\/v2\/product"}],"about":[{"href":"https:\/\/tiaretessuti.com\/fr\/wp-json\/wp\/v2\/types\/product"}],"replies":[{"embeddable":true,"href":"https:\/\/tiaretessuti.com\/fr\/wp-json\/wp\/v2\/comments?post=3249"}],"wp:featuredmedia":[{"embeddable":true,"href":"https:\/\/tiaretessuti.com\/fr\/wp-json\/wp\/v2\/media\/3250"}],"wp:attachment":[{"href":"https:\/\/tiaretessuti.com\/fr\/wp-json\/wp\/v2\/media?parent=3249"}],"wp:term":[{"taxonomy":"product_brand","embeddable":true,"href":"https:\/\/tiaretessuti.com\/fr\/wp-json\/wp\/v2\/product_brand?post=3249"},{"taxonomy":"product_cat","embeddable":true,"href":"https:\/\/tiaretessuti.com\/fr\/wp-json\/wp\/v2\/product_cat?post=3249"},{"taxonomy":"product_tag","embeddable":true,"href":"https:\/\/tiaretessuti.com\/fr\/wp-json\/wp\/v2\/product_tag?post=3249"}],"curies":[{"name":"wp","href":"https:\/\/api.w.org\/{rel}","templated":true}]}}