{"id":3207,"date":"2024-02-09T11:52:25","date_gmt":"2024-02-09T10:52:25","guid":{"rendered":"https:\/\/tiaretessuti.com\/prodotto\/double-soie-duchesse\/"},"modified":"2025-05-05T11:19:54","modified_gmt":"2025-05-05T09:19:54","slug":"double-soie-duchesse","status":"publish","type":"product","link":"https:\/\/tiaretessuti.com\/fr\/produit\/double-soie-duchesse\/","title":{"rendered":"Double soie duchesse"},"content":{"rendered":"","protected":false},"excerpt":{"rendered":"<p>Le <strong>tissu double soie duchesse<\/strong> est la quintessence de l\u2019\u00e9l\u00e9gance pour les cr\u00e9ations sartoriales de luxe. Ce tissu fin, caract\u00e9ris\u00e9 par un <strong>double tissage <\/strong>qui augmente sa <strong>texture<\/strong> et son <strong>volume<\/strong>, est id\u00e9al pour les robes de c\u00e9r\u00e9monie et de haute couture, les jupes amples et les v\u00eatements structur\u00e9s. Son lustre <strong>naturel<\/strong> et son <strong>toucher <\/strong>doux le rendent parfait pour celles qui souhaitent allier raffinement et confort.  <\/p>\n<p>Caract\u00e9ristiques techniques :<\/p>\n<ul>\n<li>Composition du tissu: 100% SE<\/li>\n<li>Poids: 266\/294 g \/ MTL<\/li>\n<li>Hauteur: 132\/137 cm<\/li>\n<\/ul>\n","protected":false},"featured_media":3208,"comment_status":"closed","ping_status":"closed","template":"","meta":{"_acf_changed":false},"product_brand":[],"product_cat":[127],"product_tag":[],"class_list":{"0":"post-3207","1":"product","2":"type-product","3":"status-publish","4":"has-post-thumbnail","6":"product_cat-duchesse","8":"first","9":"instock","10":"taxable","11":"shipping-taxable","12":"purchasable","13":"product-type-variable"},"acf":[],"_links":{"self":[{"href":"https:\/\/tiaretessuti.com\/fr\/wp-json\/wp\/v2\/product\/3207","targetHints":{"allow":["GET"]}}],"collection":[{"href":"https:\/\/tiaretessuti.com\/fr\/wp-json\/wp\/v2\/product"}],"about":[{"href":"https:\/\/tiaretessuti.com\/fr\/wp-json\/wp\/v2\/types\/product"}],"replies":[{"embeddable":true,"href":"https:\/\/tiaretessuti.com\/fr\/wp-json\/wp\/v2\/comments?post=3207"}],"wp:featuredmedia":[{"embeddable":true,"href":"https:\/\/tiaretessuti.com\/fr\/wp-json\/wp\/v2\/media\/3208"}],"wp:attachment":[{"href":"https:\/\/tiaretessuti.com\/fr\/wp-json\/wp\/v2\/media?parent=3207"}],"wp:term":[{"taxonomy":"product_brand","embeddable":true,"href":"https:\/\/tiaretessuti.com\/fr\/wp-json\/wp\/v2\/product_brand?post=3207"},{"taxonomy":"product_cat","embeddable":true,"href":"https:\/\/tiaretessuti.com\/fr\/wp-json\/wp\/v2\/product_cat?post=3207"},{"taxonomy":"product_tag","embeddable":true,"href":"https:\/\/tiaretessuti.com\/fr\/wp-json\/wp\/v2\/product_tag?post=3207"}],"curies":[{"name":"wp","href":"https:\/\/api.w.org\/{rel}","templated":true}]}}