{"id":3196,"date":"2024-02-09T11:53:19","date_gmt":"2024-02-09T10:53:19","guid":{"rendered":"https:\/\/tiaretessuti.com\/prodotto\/polyester-duchesse\/"},"modified":"2025-05-05T11:16:02","modified_gmt":"2025-05-05T09:16:02","slug":"polyester-duchesse","status":"publish","type":"product","link":"https:\/\/tiaretessuti.com\/fr\/produit\/polyester-duchesse\/","title":{"rendered":"Polyester Duchesse"},"content":{"rendered":"","protected":false},"excerpt":{"rendered":"<p>Le <strong>tissu polyester duchesse<\/strong> se caract\u00e9rise par son <strong>\u00e9clat<\/strong> et sa texture<strong> lourde<\/strong>. D&rsquo;aspect <strong>\u00e9l\u00e9gant<\/strong>, le <strong>polyester duchesse<\/strong> convient \u00e0 la confection de robes de soir\u00e9e, de robes de mari\u00e9e, de costumes \u00e9l\u00e9gants, de pantalons ou d&rsquo;accessoires de haute couture. Sa structure permet de <strong>modeler<\/strong> parfaitement la <strong>silhouette<\/strong>.  <\/p>\n<p>Caract\u00e9ristiques techniques :<\/p>\n<ul>\n<li>Composition du tissu: 100% PL<\/li>\n<li>Poids: 254\/281 g \/ MTL<\/li>\n<li>Hauteur: 135\/140 cm<\/li>\n<\/ul>\n","protected":false},"featured_media":3197,"comment_status":"closed","ping_status":"closed","template":"","meta":{"_acf_changed":false},"product_brand":[],"product_cat":[127],"product_tag":[],"class_list":{"0":"post-3196","1":"product","2":"type-product","3":"status-publish","4":"has-post-thumbnail","6":"product_cat-duchesse","8":"first","9":"instock","10":"taxable","11":"shipping-taxable","12":"purchasable","13":"product-type-variable"},"acf":[],"_links":{"self":[{"href":"https:\/\/tiaretessuti.com\/fr\/wp-json\/wp\/v2\/product\/3196","targetHints":{"allow":["GET"]}}],"collection":[{"href":"https:\/\/tiaretessuti.com\/fr\/wp-json\/wp\/v2\/product"}],"about":[{"href":"https:\/\/tiaretessuti.com\/fr\/wp-json\/wp\/v2\/types\/product"}],"replies":[{"embeddable":true,"href":"https:\/\/tiaretessuti.com\/fr\/wp-json\/wp\/v2\/comments?post=3196"}],"wp:featuredmedia":[{"embeddable":true,"href":"https:\/\/tiaretessuti.com\/fr\/wp-json\/wp\/v2\/media\/3197"}],"wp:attachment":[{"href":"https:\/\/tiaretessuti.com\/fr\/wp-json\/wp\/v2\/media?parent=3196"}],"wp:term":[{"taxonomy":"product_brand","embeddable":true,"href":"https:\/\/tiaretessuti.com\/fr\/wp-json\/wp\/v2\/product_brand?post=3196"},{"taxonomy":"product_cat","embeddable":true,"href":"https:\/\/tiaretessuti.com\/fr\/wp-json\/wp\/v2\/product_cat?post=3196"},{"taxonomy":"product_tag","embeddable":true,"href":"https:\/\/tiaretessuti.com\/fr\/wp-json\/wp\/v2\/product_tag?post=3196"}],"curies":[{"name":"wp","href":"https:\/\/api.w.org\/{rel}","templated":true}]}}