{"id":3177,"date":"2024-09-02T11:41:00","date_gmt":"2024-09-02T09:41:00","guid":{"rendered":"https:\/\/tiaretessuti.com\/prodotto\/lame-de-soie\/"},"modified":"2025-05-05T13:01:07","modified_gmt":"2025-05-05T11:01:07","slug":"lame-de-soie","status":"publish","type":"product","link":"https:\/\/tiaretessuti.com\/fr\/produit\/lame-de-soie\/","title":{"rendered":"Lam\u00e9 de soie"},"content":{"rendered":"","protected":false},"excerpt":{"rendered":"<p>Le <strong>lam\u00e9 de soie<\/strong> est un tissu irr\u00e9sistible pour celles qui cherchent \u00e0 ajouter une touche d&rsquo;<b>\u00e9l\u00e9gance<\/b> et de <strong>brillance<\/strong> \u00e0 leurs v\u00eatements. Parfait pour cr\u00e9er des <strong>robes de soir\u00e9e<\/strong>, des <strong>hauts \u00e9l\u00e9gants<\/strong>, des<strong> jupes raffin\u00e9es<\/strong> et des <strong>accessoires<\/strong> uniques, le <strong>lam\u00e9<\/strong> attire la lumi\u00e8re gr\u00e2ce \u00e0 sa<strong> finition m\u00e9tallique<\/strong> unique.<br \/>\nCette mati\u00e8re luxueuse allie la <strong>douceur <\/strong>et la <strong>fluidit\u00e9 de la soie <\/strong>\u00e0 la <strong>brillance<\/strong> du lam\u00e9, cr\u00e9ant ainsi un effet visuel extraordinaire. <\/p>\n<p>Caract\u00e9ristiques techniques :<\/p>\n<ul>\n<li>Composition du tissu: 86% SE &#8211; 24% PLM<\/li>\n<li>Poids: 98\/110 g \/ MTL<\/li>\n<li>Hauteur: 120\/125 cm<\/li>\n<\/ul>\n","protected":false},"featured_media":3178,"comment_status":"closed","ping_status":"closed","template":"","meta":{"_acf_changed":false},"product_brand":[],"product_cat":[120],"product_tag":[],"class_list":{"0":"post-3177","1":"product","2":"type-product","3":"status-publish","4":"has-post-thumbnail","6":"product_cat-lame","8":"first","9":"instock","10":"taxable","11":"shipping-taxable","12":"purchasable","13":"product-type-variable","14":"has-default-attributes"},"acf":[],"_links":{"self":[{"href":"https:\/\/tiaretessuti.com\/fr\/wp-json\/wp\/v2\/product\/3177","targetHints":{"allow":["GET"]}}],"collection":[{"href":"https:\/\/tiaretessuti.com\/fr\/wp-json\/wp\/v2\/product"}],"about":[{"href":"https:\/\/tiaretessuti.com\/fr\/wp-json\/wp\/v2\/types\/product"}],"replies":[{"embeddable":true,"href":"https:\/\/tiaretessuti.com\/fr\/wp-json\/wp\/v2\/comments?post=3177"}],"wp:featuredmedia":[{"embeddable":true,"href":"https:\/\/tiaretessuti.com\/fr\/wp-json\/wp\/v2\/media\/3178"}],"wp:attachment":[{"href":"https:\/\/tiaretessuti.com\/fr\/wp-json\/wp\/v2\/media?parent=3177"}],"wp:term":[{"taxonomy":"product_brand","embeddable":true,"href":"https:\/\/tiaretessuti.com\/fr\/wp-json\/wp\/v2\/product_brand?post=3177"},{"taxonomy":"product_cat","embeddable":true,"href":"https:\/\/tiaretessuti.com\/fr\/wp-json\/wp\/v2\/product_cat?post=3177"},{"taxonomy":"product_tag","embeddable":true,"href":"https:\/\/tiaretessuti.com\/fr\/wp-json\/wp\/v2\/product_tag?post=3177"}],"curies":[{"name":"wp","href":"https:\/\/api.w.org\/{rel}","templated":true}]}}