{"id":3162,"date":"2024-02-20T14:31:34","date_gmt":"2024-02-20T13:31:34","guid":{"rendered":"https:\/\/tiaretessuti.com\/durabilite\/"},"modified":"2026-04-16T16:47:38","modified_gmt":"2026-04-16T14:47:38","slug":"durabilite","status":"publish","type":"page","link":"https:\/\/tiaretessuti.com\/fr\/durabilite\/","title":{"rendered":"Durabilit\u00e9"},"content":{"rendered":"\t\t<div data-elementor-type=\"wp-page\" data-elementor-id=\"3162\" class=\"elementor elementor-3162 elementor-1432\" data-elementor-post-type=\"page\">\n\t\t\t\t<div class=\"elementor-element elementor-element-74030f5 e-flex e-con-boxed e-con e-parent\" data-id=\"74030f5\" data-element_type=\"container\" data-e-type=\"container\" data-settings=\"{&quot;background_background&quot;:&quot;classic&quot;}\">\n\t\t\t\t\t<div class=\"e-con-inner\">\n\t\t\t\t<div class=\"elementor-element elementor-element-127fa8a elementor-widget__width-initial elementor-widget-mobile__width-inherit elementor-widget-tablet__width-inherit elementor-widget elementor-widget-heading\" data-id=\"127fa8a\" data-element_type=\"widget\" data-e-type=\"widget\" data-widget_type=\"heading.default\">\n\t\t\t\t<div class=\"elementor-widget-container\">\n\t\t\t\t\t<h1 class=\"elementor-heading-title elementor-size-default\">Durabilit\u00e9<\/h1>\t\t\t\t<\/div>\n\t\t\t\t<\/div>\n\t\t\t\t<div class=\"elementor-element elementor-element-b7301c6 elementor-widget__width-initial elementor-widget-mobile__width-inherit elementor-widget-tablet__width-inherit elementor-widget elementor-widget-heading\" data-id=\"b7301c6\" data-element_type=\"widget\" data-e-type=\"widget\" data-widget_type=\"heading.default\">\n\t\t\t\t<div class=\"elementor-widget-container\">\n\t\t\t\t\t<h2 class=\"elementor-heading-title elementor-size-default\">Respect de l'environnement<\/h2>\t\t\t\t<\/div>\n\t\t\t\t<\/div>\n\t\t\t\t<div class=\"elementor-element elementor-element-c8ef233 elementor-widget__width-initial elementor-widget-mobile__width-inherit elementor-widget elementor-widget-text-editor\" data-id=\"c8ef233\" data-element_type=\"widget\" data-e-type=\"widget\" data-widget_type=\"text-editor.default\">\n\t\t\t\t<div class=\"elementor-widget-container\">\n\t\t\t\t\t\t\t\t\t<p>Le projet men\u00e9 par Tiar\u00e8 vise \u00e0 am\u00e9liorer la <strong>production de tissus<\/strong> fabriqu\u00e9s \u00e0 partir de <strong>fils durables<\/strong> ayant un <strong>impact r\u00e9duit sur l&rsquo;environnement<\/strong>, en confiant les \u00e9tapes de finition \u00e0 une cha\u00eene d&rsquo;approvisionnement qui partage les m\u00eames valeurs \u00e9thiques et les m\u00eames principes de <strong>durabilit\u00e9<\/strong>.<\/p>\t\t\t\t\t\t\t\t<\/div>\n\t\t\t\t<\/div>\n\t\t\t\t<div class=\"elementor-element elementor-element-1a24198 elementor-widget__width-initial elementor-widget-mobile__width-inherit elementor-widget elementor-widget-button\" data-id=\"1a24198\" data-element_type=\"widget\" data-e-type=\"widget\" data-widget_type=\"button.default\">\n\t\t\t\t<div class=\"elementor-widget-container\">\n\t\t\t\t\t\t\t\t\t<div class=\"elementor-button-wrapper\">\n\t\t\t\t\t<a class=\"elementor-button elementor-button-link elementor-size-sm\" href=\"#main\" title=\"sostenibilit\u00e0\">\n\t\t\t\t\t\t<span class=\"elementor-button-content-wrapper\">\n\t\t\t\t\t\t\t\t\t<span class=\"elementor-button-text\">en savoir plus<\/span>\n\t\t\t\t\t<\/span>\n\t\t\t\t\t<\/a>\n\t\t\t\t<\/div>\n\t\t\t\t\t\t\t\t<\/div>\n\t\t\t\t<\/div>\n\t\t\t\t\t<\/div>\n\t\t\t\t<\/div>\n\t\t<div class=\"elementor-element elementor-element-7b1a26b e-flex e-con-boxed e-con e-parent\" data-id=\"7b1a26b\" data-element_type=\"container\" data-e-type=\"container\">\n\t\t\t\t\t<div class=\"e-con-inner\">\n\t\t\t\t<div class=\"elementor-element elementor-element-7c5d9f8 elementor-widget elementor-widget-menu-anchor\" data-id=\"7c5d9f8\" data-element_type=\"widget\" data-e-type=\"widget\" data-widget_type=\"menu-anchor.default\">\n\t\t\t\t<div class=\"elementor-widget-container\">\n\t\t\t\t\t\t\t<div class=\"elementor-menu-anchor\" id=\"main\"><\/div>\n\t\t\t\t\t\t<\/div>\n\t\t\t\t<\/div>\n\t\t\t\t\t<\/div>\n\t\t\t\t<\/div>\n\t\t<div class=\"elementor-element elementor-element-67ca08d e-flex e-con-boxed e-con e-parent\" data-id=\"67ca08d\" data-element_type=\"container\" data-e-type=\"container\">\n\t\t\t\t\t<div class=\"e-con-inner\">\n\t\t<div class=\"elementor-element elementor-element-4d1dd2f e-con-full e-flex e-con e-child\" data-id=\"4d1dd2f\" data-element_type=\"container\" data-e-type=\"container\">\n\t\t\t\t<div class=\"elementor-element elementor-element-3e78b49 elementor-widget-mobile__width-initial elementor-widget-tablet__width-inherit elementor-widget elementor-widget-heading\" data-id=\"3e78b49\" data-element_type=\"widget\" data-e-type=\"widget\" data-widget_type=\"heading.default\">\n\t\t\t\t<div class=\"elementor-widget-container\">\n\t\t\t\t\t<h2 class=\"elementor-heading-title elementor-size-default\">Nos certifications<\/h2>\t\t\t\t<\/div>\n\t\t\t\t<\/div>\n\t\t\t\t<div class=\"elementor-element elementor-element-a343068 elementor-widget-tablet__width-inherit elementor-widget elementor-widget-heading\" data-id=\"a343068\" data-element_type=\"widget\" data-e-type=\"widget\" data-widget_type=\"heading.default\">\n\t\t\t\t<div class=\"elementor-widget-container\">\n\t\t\t\t\t<h3 class=\"elementor-heading-title elementor-size-default\">GOTS e GRS<\/h3>\t\t\t\t<\/div>\n\t\t\t\t<\/div>\n\t\t\t\t<div class=\"elementor-element elementor-element-283f605 elementor-widget-mobile__width-initial elementor-widget-tablet__width-inherit elementor-widget elementor-widget-text-editor\" data-id=\"283f605\" data-element_type=\"widget\" data-e-type=\"widget\" data-widget_type=\"text-editor.default\">\n\t\t\t\t<div class=\"elementor-widget-container\">\n\t\t\t\t\t\t\t\t\t<p>Anim\u00e9e par un engagement fort en faveur du d\u00e9veloppement durable, Tiar\u00e8 a obtenu plusieurs certifications, tant au niveau des syst\u00e8mes que des produits, visant \u00e0 am\u00e9liorer ses performances en mati\u00e8re de d\u00e9veloppement durable, en accordant une attention particuli\u00e8re \u00e0 un approvisionnement \u00e9thique et responsable<\/p><p>Certifications des produits :<\/p><p>&#8211; <strong>RCS<\/strong> (Recycled Claim Standard) : pour les produits textiles fabriqu\u00e9s \u00e0 partir de mat\u00e9riaux recycl\u00e9s.<\/p><p>&#8211; <strong>GRS<\/strong> (Global Recycled Standard) : pour la fabrication durable de produits textiles \u00e0 partir de mat\u00e9riaux recycl\u00e9s.<\/p><p>&#8211; <strong>GOTS<\/strong> (Global Organic Textile Standard) garantit que les produits contiennent des fibres naturelles issues de l&rsquo;agriculture biologique et respectent des crit\u00e8res environnementaux et sociaux.<\/p><p>Certifications de syst\u00e8me :<\/p><p>&#8211; La <strong>certification ISO 9001<\/strong> garantit que nos processus op\u00e9rationnels respectent les normes internationales de qualit\u00e9. Cela implique une attention constante port\u00e9e \u00e0 l&rsquo;organisation interne, \u00e0 l&rsquo;efficacit\u00e9 et, surtout, \u00e0 la <strong>satisfaction du client<\/strong>, gr\u00e2ce \u00e0 l&rsquo;am\u00e9lioration continue de nos services et de nos produits. <\/p>\t\t\t\t\t\t\t\t<\/div>\n\t\t\t\t<\/div>\n\t\t\t\t<div class=\"elementor-element elementor-element-b3ade65 gallery-spacing-custom elementor-hidden-desktop elementor-hidden-tablet elementor-hidden-mobile elementor-widget elementor-widget-image-gallery\" data-id=\"b3ade65\" data-element_type=\"widget\" data-e-type=\"widget\" data-widget_type=\"image-gallery.default\">\n\t\t\t\t<div class=\"elementor-widget-container\">\n\t\t\t\t\t\t\t<div class=\"elementor-image-gallery\">\n\t\t\t<div id='gallery-1' class='gallery galleryid-3162 gallery-columns-4 gallery-size-thumbnail'><figure class='gallery-item'>\n\t\t\t<div class='gallery-icon landscape'>\n\t\t\t\t<a data-elementor-open-lightbox=\"yes\" data-elementor-lightbox-slideshow=\"b3ade65\" data-elementor-lightbox-title=\"TIARE&#039; - LogoGOTS\" data-e-action-hash=\"#elementor-action%3Aaction%3Dlightbox%26settings%3DeyJpZCI6NDI3NywidXJsIjoiaHR0cHM6XC9cL3RpYXJldGVzc3V0aS5jb21cL3dwLWNvbnRlbnRcL3VwbG9hZHNcLzIwMjVcLzEwXC9USUFSRS1Mb2dvR09UUy5wbmciLCJzbGlkZXNob3ciOiJiM2FkZTY1In0%3D\" href='https:\/\/tiaretessuti.com\/wp-content\/uploads\/2025\/10\/TIARE-LogoGOTS.png'><img decoding=\"async\" width=\"150\" height=\"150\" src=\"https:\/\/tiaretessuti.com\/wp-content\/uploads\/2025\/10\/TIARE-LogoGOTS-150x150.png\" class=\"attachment-thumbnail size-thumbnail\" alt=\"\" srcset=\"https:\/\/tiaretessuti.com\/wp-content\/uploads\/2025\/10\/TIARE-LogoGOTS-150x150.png 150w, https:\/\/tiaretessuti.com\/wp-content\/uploads\/2025\/10\/TIARE-LogoGOTS-100x100.png 100w, https:\/\/tiaretessuti.com\/wp-content\/uploads\/2025\/10\/TIARE-LogoGOTS-50x50.png 50w\" sizes=\"(max-width: 150px) 100vw, 150px\" \/><\/a>\n\t\t\t<\/div><\/figure><figure class='gallery-item'>\n\t\t\t<div class='gallery-icon landscape'>\n\t\t\t\t<a data-elementor-open-lightbox=\"yes\" data-elementor-lightbox-slideshow=\"b3ade65\" data-elementor-lightbox-title=\"TIARE&#039; - LogoGRS\" data-e-action-hash=\"#elementor-action%3Aaction%3Dlightbox%26settings%3DeyJpZCI6NDI4MCwidXJsIjoiaHR0cHM6XC9cL3RpYXJldGVzc3V0aS5jb21cL3dwLWNvbnRlbnRcL3VwbG9hZHNcLzIwMjVcLzEwXC9USUFSRS1Mb2dvR1JTLnBuZyIsInNsaWRlc2hvdyI6ImIzYWRlNjUifQ%3D%3D\" href='https:\/\/tiaretessuti.com\/wp-content\/uploads\/2025\/10\/TIARE-LogoGRS.png'><img decoding=\"async\" width=\"150\" height=\"150\" src=\"https:\/\/tiaretessuti.com\/wp-content\/uploads\/2025\/10\/TIARE-LogoGRS-150x150.png\" class=\"attachment-thumbnail size-thumbnail\" alt=\"\" srcset=\"https:\/\/tiaretessuti.com\/wp-content\/uploads\/2025\/10\/TIARE-LogoGRS-150x150.png 150w, https:\/\/tiaretessuti.com\/wp-content\/uploads\/2025\/10\/TIARE-LogoGRS-100x100.png 100w, https:\/\/tiaretessuti.com\/wp-content\/uploads\/2025\/10\/TIARE-LogoGRS-50x50.png 50w\" sizes=\"(max-width: 150px) 100vw, 150px\" \/><\/a>\n\t\t\t<\/div><\/figure><figure class='gallery-item'>\n\t\t\t<div class='gallery-icon landscape'>\n\t\t\t\t<a data-elementor-open-lightbox=\"yes\" data-elementor-lightbox-slideshow=\"b3ade65\" data-elementor-lightbox-title=\"TIARE&#039; - Logo RCS-100 + RCS-Blended\" data-e-action-hash=\"#elementor-action%3Aaction%3Dlightbox%26settings%3DeyJpZCI6NDI3MSwidXJsIjoiaHR0cHM6XC9cL3RpYXJldGVzc3V0aS5jb21cL3dwLWNvbnRlbnRcL3VwbG9hZHNcLzIwMjVcLzEwXC9USUFSRS1Mb2dvLVJDUy0xMDAtUkNTLUJsZW5kZWQucG5nIiwic2xpZGVzaG93IjoiYjNhZGU2NSJ9\" href='https:\/\/tiaretessuti.com\/wp-content\/uploads\/2025\/10\/TIARE-Logo-RCS-100-RCS-Blended.png'><img decoding=\"async\" width=\"150\" height=\"150\" src=\"https:\/\/tiaretessuti.com\/wp-content\/uploads\/2025\/10\/TIARE-Logo-RCS-100-RCS-Blended-150x150.png\" class=\"attachment-thumbnail size-thumbnail\" alt=\"\" srcset=\"https:\/\/tiaretessuti.com\/wp-content\/uploads\/2025\/10\/TIARE-Logo-RCS-100-RCS-Blended-150x150.png 150w, https:\/\/tiaretessuti.com\/wp-content\/uploads\/2025\/10\/TIARE-Logo-RCS-100-RCS-Blended-100x100.png 100w, https:\/\/tiaretessuti.com\/wp-content\/uploads\/2025\/10\/TIARE-Logo-RCS-100-RCS-Blended-50x50.png 50w\" sizes=\"(max-width: 150px) 100vw, 150px\" \/><\/a>\n\t\t\t<\/div><\/figure><figure class='gallery-item'>\n\t\t\t<div class='gallery-icon portrait'>\n\t\t\t\t<a data-elementor-open-lightbox=\"yes\" data-elementor-lightbox-slideshow=\"b3ade65\" data-elementor-lightbox-title=\"TIARE&#039; - LogoCQY\" data-e-action-hash=\"#elementor-action%3Aaction%3Dlightbox%26settings%3DeyJpZCI6NDI3NCwidXJsIjoiaHR0cHM6XC9cL3RpYXJldGVzc3V0aS5jb21cL3dwLWNvbnRlbnRcL3VwbG9hZHNcLzIwMjVcLzEwXC9USUFSRS1Mb2dvQ1FZLnBuZyIsInNsaWRlc2hvdyI6ImIzYWRlNjUifQ%3D%3D\" href='https:\/\/tiaretessuti.com\/wp-content\/uploads\/2025\/10\/TIARE-LogoCQY.png'><img loading=\"lazy\" decoding=\"async\" width=\"150\" height=\"150\" src=\"https:\/\/tiaretessuti.com\/wp-content\/uploads\/2025\/10\/TIARE-LogoCQY-150x150.png\" class=\"attachment-thumbnail size-thumbnail\" alt=\"\" srcset=\"https:\/\/tiaretessuti.com\/wp-content\/uploads\/2025\/10\/TIARE-LogoCQY-150x150.png 150w, https:\/\/tiaretessuti.com\/wp-content\/uploads\/2025\/10\/TIARE-LogoCQY-100x100.png 100w, https:\/\/tiaretessuti.com\/wp-content\/uploads\/2025\/10\/TIARE-LogoCQY-50x50.png 50w, https:\/\/tiaretessuti.com\/wp-content\/uploads\/2025\/10\/TIARE-LogoCQY.png 236w\" sizes=\"(max-width: 150px) 100vw, 150px\" \/><\/a>\n\t\t\t<\/div><\/figure>\n\t\t<\/div>\n\t\t<\/div>\n\t\t\t\t\t\t<\/div>\n\t\t\t\t<\/div>\n\t\t\t\t<\/div>\n\t\t\t\t\t<\/div>\n\t\t\t\t<\/div>\n\t\t<div class=\"elementor-element elementor-element-2091dab e-flex e-con-boxed e-con e-parent\" data-id=\"2091dab\" data-element_type=\"container\" data-e-type=\"container\" data-settings=\"{&quot;background_background&quot;:&quot;classic&quot;}\">\n\t\t\t\t\t<div class=\"e-con-inner\">\n\t\t<div class=\"elementor-element elementor-element-90bb181 e-con-full e-flex e-con e-child\" data-id=\"90bb181\" data-element_type=\"container\" data-e-type=\"container\">\n\t\t<div class=\"elementor-element elementor-element-d3129dc e-flex e-con-boxed e-con e-child\" data-id=\"d3129dc\" data-element_type=\"container\" data-e-type=\"container\">\n\t\t\t\t\t<div class=\"e-con-inner\">\n\t\t\t\t<div class=\"elementor-element elementor-element-6cd23b2 elementor-position-left elementor-vertical-align-middle elementor-position-left elementor-widget elementor-widget-image-box\" data-id=\"6cd23b2\" data-element_type=\"widget\" data-e-type=\"widget\" data-widget_type=\"image-box.default\">\n\t\t\t\t<div class=\"elementor-widget-container\">\n\t\t\t\t\t<div class=\"elementor-image-box-wrapper\"><figure class=\"elementor-image-box-img\"><a href=\"https:\/\/tiaretessuti.com\/wp-content\/uploads\/2024\/02\/TIARE_Codice-etico.pdf\" title=\"codice etico\" tabindex=\"-1\"><img loading=\"lazy\" decoding=\"async\" width=\"800\" height=\"800\" src=\"https:\/\/tiaretessuti.com\/wp-content\/uploads\/2024\/02\/codice-etico-tiare.jpg\" class=\"attachment-full size-full wp-image-3163\" alt=\"\" srcset=\"https:\/\/tiaretessuti.com\/wp-content\/uploads\/2024\/02\/codice-etico-tiare.jpg 800w, https:\/\/tiaretessuti.com\/wp-content\/uploads\/2024\/02\/codice-etico-tiare-300x300.jpg 300w, https:\/\/tiaretessuti.com\/wp-content\/uploads\/2024\/02\/codice-etico-tiare-150x150.jpg 150w, https:\/\/tiaretessuti.com\/wp-content\/uploads\/2024\/02\/codice-etico-tiare-768x768.jpg 768w, https:\/\/tiaretessuti.com\/wp-content\/uploads\/2024\/02\/codice-etico-tiare-600x600.jpg 600w, https:\/\/tiaretessuti.com\/wp-content\/uploads\/2024\/02\/codice-etico-tiare-100x100.jpg 100w\" sizes=\"(max-width: 800px) 100vw, 800px\" \/><\/a><\/figure><div class=\"elementor-image-box-content\"><h3 class=\"elementor-image-box-title\"><a href=\"https:\/\/tiaretessuti.com\/wp-content\/uploads\/2024\/02\/TIARE_Codice-etico.pdf\" title=\"codice etico\">Code de d\u00e9ontologie<\/a><\/h3><p class=\"elementor-image-box-description\">T\u00e9l\u00e9charger le document<\/p><\/div><\/div>\t\t\t\t<\/div>\n\t\t\t\t<\/div>\n\t\t\t\t<div class=\"elementor-element elementor-element-5bbc660 elementor-position-left elementor-vertical-align-middle elementor-widget elementor-widget-image-box\" data-id=\"5bbc660\" data-element_type=\"widget\" data-e-type=\"widget\" data-widget_type=\"image-box.default\">\n\t\t\t\t<div class=\"elementor-widget-container\">\n\t\t\t\t\t<div class=\"elementor-image-box-wrapper\"><figure class=\"elementor-image-box-img\"><a href=\"https:\/\/tiaretessuti.com\/wp-content\/uploads\/2025\/10\/Report-sostenibilita-Tiare-2024-1.pdf\" title=\"bilancio sostenibilit\u00e0\" tabindex=\"-1\"><img loading=\"lazy\" decoding=\"async\" width=\"252\" height=\"233\" src=\"https:\/\/tiaretessuti.com\/wp-content\/uploads\/2025\/10\/bilancio-sostenibilita-2024-tiare.png\" class=\"attachment-full size-full wp-image-4302\" alt=\"\" \/><\/a><\/figure><div class=\"elementor-image-box-content\"><h3 class=\"elementor-image-box-title\"><a href=\"https:\/\/tiaretessuti.com\/wp-content\/uploads\/2025\/10\/Report-sostenibilita-Tiare-2024-1.pdf\" title=\"bilancio sostenibilit\u00e0\">Rapport sur le d\u00e9veloppement durable 2024<\/a><\/h3><p class=\"elementor-image-box-description\">T\u00e9l\u00e9charger le document<\/p><\/div><\/div>\t\t\t\t<\/div>\n\t\t\t\t<\/div>\n\t\t\t\t<div class=\"elementor-element elementor-element-b97890d elementor-position-left elementor-vertical-align-middle elementor-widget elementor-widget-image-box\" data-id=\"b97890d\" data-element_type=\"widget\" data-e-type=\"widget\" data-widget_type=\"image-box.default\">\n\t\t\t\t<div class=\"elementor-widget-container\">\n\t\t\t\t\t<div class=\"elementor-image-box-wrapper\"><figure class=\"elementor-image-box-img\"><a href=\"https:\/\/tiaretessuti.com\/wp-content\/uploads\/2024\/02\/TIARE_Codice-fornitori.pdf\" title=\"codice condotta fornitori\" tabindex=\"-1\"><img loading=\"lazy\" decoding=\"async\" width=\"800\" height=\"800\" src=\"https:\/\/tiaretessuti.com\/wp-content\/uploads\/2024\/02\/codice-condotta-fornitori.jpg\" class=\"attachment-full size-full wp-image-3164\" alt=\"\" srcset=\"https:\/\/tiaretessuti.com\/wp-content\/uploads\/2024\/02\/codice-condotta-fornitori.jpg 800w, https:\/\/tiaretessuti.com\/wp-content\/uploads\/2024\/02\/codice-condotta-fornitori-300x300.jpg 300w, https:\/\/tiaretessuti.com\/wp-content\/uploads\/2024\/02\/codice-condotta-fornitori-150x150.jpg 150w, https:\/\/tiaretessuti.com\/wp-content\/uploads\/2024\/02\/codice-condotta-fornitori-768x768.jpg 768w, https:\/\/tiaretessuti.com\/wp-content\/uploads\/2024\/02\/codice-condotta-fornitori-600x600.jpg 600w, https:\/\/tiaretessuti.com\/wp-content\/uploads\/2024\/02\/codice-condotta-fornitori-100x100.jpg 100w\" sizes=\"(max-width: 800px) 100vw, 800px\" \/><\/a><\/figure><div class=\"elementor-image-box-content\"><h3 class=\"elementor-image-box-title\"><a href=\"https:\/\/tiaretessuti.com\/wp-content\/uploads\/2024\/02\/TIARE_Codice-fornitori.pdf\" title=\"codice condotta fornitori\">Code de conduite des fournisseurs<\/a><\/h3><p class=\"elementor-image-box-description\">T\u00e9l\u00e9charger le document<\/p><\/div><\/div>\t\t\t\t<\/div>\n\t\t\t\t<\/div>\n\t\t\t\t\t<\/div>\n\t\t\t\t<\/div>\n\t\t\t\t<\/div>\n\t\t<div class=\"elementor-element elementor-element-0b87a77 e-con-full e-flex e-con e-child\" data-id=\"0b87a77\" data-element_type=\"container\" data-e-type=\"container\">\n\t\t\t\t<div class=\"elementor-element elementor-element-c00fd5f elementor-absolute elementor-hidden-mobile elementor-widget elementor-widget-image\" data-id=\"c00fd5f\" data-element_type=\"widget\" data-e-type=\"widget\" data-settings=\"{&quot;_position&quot;:&quot;absolute&quot;}\" data-widget_type=\"image.default\">\n\t\t\t\t<div class=\"elementor-widget-container\">\n\t\t\t\t\t\t\t\t\t\t\t\t\t\t\t<img loading=\"lazy\" decoding=\"async\" width=\"683\" height=\"1024\" src=\"https:\/\/tiaretessuti.com\/wp-content\/uploads\/2024\/02\/tessuti-serici-shop-online1-683x1024.jpg\" class=\"attachment-large size-large wp-image-3138\" alt=\"\" srcset=\"https:\/\/tiaretessuti.com\/wp-content\/uploads\/2024\/02\/tessuti-serici-shop-online1-683x1024.jpg 683w, https:\/\/tiaretessuti.com\/wp-content\/uploads\/2024\/02\/tessuti-serici-shop-online1-600x900.jpg 600w, https:\/\/tiaretessuti.com\/wp-content\/uploads\/2024\/02\/tessuti-serici-shop-online1-200x300.jpg 200w, https:\/\/tiaretessuti.com\/wp-content\/uploads\/2024\/02\/tessuti-serici-shop-online1-768x1152.jpg 768w, https:\/\/tiaretessuti.com\/wp-content\/uploads\/2024\/02\/tessuti-serici-shop-online1.jpg 900w\" sizes=\"(max-width: 683px) 100vw, 683px\" \/>\t\t\t\t\t\t\t\t\t\t\t\t\t\t\t<\/div>\n\t\t\t\t<\/div>\n\t\t\t\t<\/div>\n\t\t\t\t\t<\/div>\n\t\t\t\t<\/div>\n\t\t<div class=\"elementor-element elementor-element-21070d6 e-flex e-con-boxed e-con e-parent\" data-id=\"21070d6\" data-element_type=\"container\" data-e-type=\"container\" data-settings=\"{&quot;background_background&quot;:&quot;classic&quot;}\">\n\t\t\t\t\t<div class=\"e-con-inner\">\n\t\t\t\t<div class=\"elementor-element elementor-element-62db0df elementor-widget-mobile__width-initial elementor-widget__width-initial elementor-widget-tablet__width-inherit elementor-widget elementor-widget-heading\" data-id=\"62db0df\" data-element_type=\"widget\" data-e-type=\"widget\" data-widget_type=\"heading.default\">\n\t\t\t\t<div class=\"elementor-widget-container\">\n\t\t\t\t\t<h2 class=\"elementor-heading-title elementor-size-default\">Traitement<\/h2>\t\t\t\t<\/div>\n\t\t\t\t<\/div>\n\t\t\t\t<div class=\"elementor-element elementor-element-a7469dc elementor-widget__width-initial elementor-widget-tablet__width-inherit elementor-widget elementor-widget-heading\" data-id=\"a7469dc\" data-element_type=\"widget\" data-e-type=\"widget\" data-widget_type=\"heading.default\">\n\t\t\t\t<div class=\"elementor-widget-container\">\n\t\t\t\t\t<h3 class=\"elementor-heading-title elementor-size-default\">Production de fils durables<\/h3>\t\t\t\t<\/div>\n\t\t\t\t<\/div>\n\t\t\t\t<div class=\"elementor-element elementor-element-579e652 elementor-widget-mobile__width-initial elementor-widget__width-initial elementor-widget-tablet__width-inherit elementor-widget elementor-widget-text-editor\" data-id=\"579e652\" data-element_type=\"widget\" data-e-type=\"widget\" data-widget_type=\"text-editor.default\">\n\t\t\t\t<div class=\"elementor-widget-container\">\n\t\t\t\t\t\t\t\t\t<p>Outre l&rsquo;utilisation de la <strong>soie<\/strong>, qui a toujours \u00e9t\u00e9 une ressource compatible avec le <strong>d\u00e9veloppement durable<\/strong>, Tiar\u00e8 a reconverti la production de la plupart des <strong>tissus en polyester<\/strong>. Afin de limiter son impact sur l&rsquo;environnement, elle s&rsquo;est presque enti\u00e8rement tourn\u00e9e vers l&rsquo;utilisation de <strong>fils obtenus \u00e0 partir de bouteilles PET recycl\u00e9es<\/strong>, tout en conservant les caract\u00e9ristiques du tissu final. <\/p>\t\t\t\t\t\t\t\t<\/div>\n\t\t\t\t<\/div>\n\t\t\t\t<div class=\"elementor-element elementor-element-d71f424 elementor-widget elementor-widget-button\" data-id=\"d71f424\" data-element_type=\"widget\" data-e-type=\"widget\" data-widget_type=\"button.default\">\n\t\t\t\t<div class=\"elementor-widget-container\">\n\t\t\t\t\t\t\t\t\t<div class=\"elementor-button-wrapper\">\n\t\t\t\t\t<a class=\"elementor-button elementor-button-link elementor-size-sm\" href=\"https:\/\/tiaretessuti.com\/fr\/contact\/\" title=\"contatti\">\n\t\t\t\t\t\t<span class=\"elementor-button-content-wrapper\">\n\t\t\t\t\t\t\t\t\t<span class=\"elementor-button-text\">nous contacter<\/span>\n\t\t\t\t\t<\/span>\n\t\t\t\t\t<\/a>\n\t\t\t\t<\/div>\n\t\t\t\t\t\t\t\t<\/div>\n\t\t\t\t<\/div>\n\t\t\t\t\t<\/div>\n\t\t\t\t<\/div>\n\t\t<div class=\"elementor-element elementor-element-b4177d0 e-flex e-con-boxed e-con e-parent\" data-id=\"b4177d0\" data-element_type=\"container\" data-e-type=\"container\" data-settings=\"{&quot;background_background&quot;:&quot;classic&quot;}\">\n\t\t\t\t\t<div class=\"e-con-inner\">\n\t\t\t\t<div class=\"elementor-element elementor-element-66e4e4c elementor-widget-mobile__width-initial elementor-widget__width-initial elementor-widget-tablet__width-inherit elementor-widget elementor-widget-heading\" data-id=\"66e4e4c\" data-element_type=\"widget\" data-e-type=\"widget\" data-widget_type=\"heading.default\">\n\t\t\t\t<div class=\"elementor-widget-container\">\n\t\t\t\t\t<h2 class=\"elementor-heading-title elementor-size-default\">Poste de d\u00e9fibrillateur\n<\/h2>\t\t\t\t<\/div>\n\t\t\t\t<\/div>\n\t\t\t\t<div class=\"elementor-element elementor-element-fef28f7 elementor-widget-mobile__width-initial elementor-widget__width-initial elementor-widget-tablet__width-inherit elementor-widget elementor-widget-text-editor\" data-id=\"fef28f7\" data-element_type=\"widget\" data-e-type=\"widget\" data-widget_type=\"text-editor.default\">\n\t\t\t\t<div class=\"elementor-widget-container\">\n\t\t\t\t\t\t\t\t\t<p>Tiar\u00e8 S.r.l. a accueilli avec un sens aigu de la responsabilit\u00e9 civique la proposition d&rsquo;installer un poste de DAE (d\u00e9fibrillateur externe semi-automatique), enregistr\u00e9 en tant que PAD (acc\u00e8s public \u00e0 la d\u00e9fibrillation) aupr\u00e8s de l&rsquo;Agence r\u00e9gionale des urgences. L&rsquo;appareil, livr\u00e9 en mai 2024, a \u00e9t\u00e9 install\u00e9 dans les espaces ext\u00e9rieurs de l&rsquo;entreprise et est \u00e0 la disposition du personnel interne, de toute la communaut\u00e9 et du public en cas d&rsquo;urgence, puisqu&rsquo;il figure sur les cartes officielles mises \u00e0 disposition par l&rsquo;AREU. <\/p>\t\t\t\t\t\t\t\t<\/div>\n\t\t\t\t<\/div>\n\t\t\t\t\t<\/div>\n\t\t\t\t<\/div>\n\t\t\t\t<\/div>\n\t\t","protected":false},"excerpt":{"rendered":"<p>Durabilit\u00e9 Respect de l&rsquo;environnement Le projet men\u00e9 par Tiar\u00e8 vise \u00e0 am\u00e9liorer la production de tissus fabriqu\u00e9s \u00e0 partir de fils durables ayant un impact r\u00e9duit sur l&rsquo;environnement, en confiant les \u00e9tapes de finition \u00e0 une cha\u00eene d&rsquo;approvisionnement qui partage les m\u00eames valeurs \u00e9thiques et les m\u00eames principes de durabilit\u00e9. en savoir plus Nos certifications [&hellip;]<\/p>\n","protected":false},"author":1,"featured_media":0,"parent":0,"menu_order":0,"comment_status":"closed","ping_status":"closed","template":"","meta":{"_acf_changed":false,"footnotes":""},"class_list":["post-3162","page","type-page","status-publish","hentry"],"acf":[],"_links":{"self":[{"href":"https:\/\/tiaretessuti.com\/fr\/wp-json\/wp\/v2\/pages\/3162","targetHints":{"allow":["GET"]}}],"collection":[{"href":"https:\/\/tiaretessuti.com\/fr\/wp-json\/wp\/v2\/pages"}],"about":[{"href":"https:\/\/tiaretessuti.com\/fr\/wp-json\/wp\/v2\/types\/page"}],"author":[{"embeddable":true,"href":"https:\/\/tiaretessuti.com\/fr\/wp-json\/wp\/v2\/users\/1"}],"replies":[{"embeddable":true,"href":"https:\/\/tiaretessuti.com\/fr\/wp-json\/wp\/v2\/comments?post=3162"}],"version-history":[{"count":4,"href":"https:\/\/tiaretessuti.com\/fr\/wp-json\/wp\/v2\/pages\/3162\/revisions"}],"predecessor-version":[{"id":4460,"href":"https:\/\/tiaretessuti.com\/fr\/wp-json\/wp\/v2\/pages\/3162\/revisions\/4460"}],"wp:attachment":[{"href":"https:\/\/tiaretessuti.com\/fr\/wp-json\/wp\/v2\/media?parent=3162"}],"curies":[{"name":"wp","href":"https:\/\/api.w.org\/{rel}","templated":true}]}}