{"id":3144,"date":"2024-02-01T12:19:49","date_gmt":"2024-02-01T11:19:49","guid":{"rendered":"https:\/\/tiaretessuti.com\/panier\/"},"modified":"2025-04-29T12:17:00","modified_gmt":"2025-04-29T10:17:00","slug":"panier","status":"publish","type":"page","link":"https:\/\/tiaretessuti.com\/fr\/panier\/","title":{"rendered":"Panier"},"content":{"rendered":"\t\t<div data-elementor-type=\"wp-page\" data-elementor-id=\"3144\" class=\"elementor elementor-3144 elementor-512\" data-elementor-post-type=\"page\">\n\t\t\t\t<div class=\"elementor-element elementor-element-5395e3c e-flex e-con-boxed e-con e-parent\" data-id=\"5395e3c\" data-element_type=\"container\" data-e-type=\"container\" data-settings=\"{&quot;background_background&quot;:&quot;classic&quot;}\">\n\t\t\t\t\t<div class=\"e-con-inner\">\n\t\t\t\t<div class=\"elementor-element elementor-element-ce50a9b elementor-widget elementor-widget-heading\" data-id=\"ce50a9b\" data-element_type=\"widget\" data-e-type=\"widget\" data-widget_type=\"heading.default\">\n\t\t\t\t<div class=\"elementor-widget-container\">\n\t\t\t\t\t<h1 class=\"elementor-heading-title elementor-size-default\">Panier<\/h1>\t\t\t\t<\/div>\n\t\t\t\t<\/div>\n\t\t\t\t<div class=\"elementor-element elementor-element-d47aed7 elementor-widget elementor-widget-text-editor\" data-id=\"d47aed7\" data-element_type=\"widget\" data-e-type=\"widget\" data-widget_type=\"text-editor.default\">\n\t\t\t\t<div class=\"elementor-widget-container\">\n\t\t\t\t\t\t\t\t\t<p>Ne laissez pas vos tissus pr\u00e9f\u00e9r\u00e9s dans le panier, ils risquent d&rsquo;\u00eatre \u00e9puis\u00e9s ! \u2702\ufe0f Passez \u00e0 la caisse maintenant et recevez-les \u00e0 votre adresse dans les 24\/48h. <\/p>\n\t\t\t\t\t\t\t\t<\/div>\n\t\t\t\t<\/div>\n\t\t\t\t<div class=\"elementor-element elementor-element-3927d14 elementor-widget elementor-widget-button\" data-id=\"3927d14\" data-element_type=\"widget\" data-e-type=\"widget\" data-widget_type=\"button.default\">\n\t\t\t\t<div class=\"elementor-widget-container\">\n\t\t\t\t\t\t\t\t\t<div class=\"elementor-button-wrapper\">\n\t\t\t\t\t<a class=\"elementor-button elementor-button-link elementor-size-sm\" href=\"\/negozio\/\">\n\t\t\t\t\t\t<span class=\"elementor-button-content-wrapper\">\n\t\t\t\t\t\t\t\t\t<span class=\"elementor-button-text\">poursuivre les achats<\/span>\n\t\t\t\t\t<\/span>\n\t\t\t\t\t<\/a>\n\t\t\t\t<\/div>\n\t\t\t\t\t\t\t\t<\/div>\n\t\t\t\t<\/div>\n\t\t\t\t\t<\/div>\n\t\t\t\t<\/div>\n\t\t<div class=\"elementor-element elementor-element-16e7c34 e-flex e-con-boxed e-con e-parent\" data-id=\"16e7c34\" data-element_type=\"container\" data-e-type=\"container\">\n\t\t\t\t\t<div class=\"e-con-inner\">\n\t\t\t\t<div class=\"elementor-element elementor-element-76207be elementor-widget elementor-widget-heading\" data-id=\"76207be\" data-element_type=\"widget\" data-e-type=\"widget\" data-widget_type=\"heading.default\">\n\t\t\t\t<div class=\"elementor-widget-container\">\n\t\t\t\t\t<h3 class=\"elementor-heading-title elementor-size-default\">Livraison gratuite \u00e0 partir de \u20ac 300<\/h3>\t\t\t\t<\/div>\n\t\t\t\t<\/div>\n\t\t\t\t\t<\/div>\n\t\t\t\t<\/div>\n\t\t<div class=\"elementor-element elementor-element-86a2476 e-flex e-con-boxed e-con e-parent\" data-id=\"86a2476\" data-element_type=\"container\" data-e-type=\"container\">\n\t\t\t\t\t<div class=\"e-con-inner\">\n\t\t\t\t\t<\/div>\n\t\t\t\t<\/div>\n\t\t\t\t<\/div>\n\t\t","protected":false},"excerpt":{"rendered":"<p>Panier Ne laissez pas vos tissus pr\u00e9f\u00e9r\u00e9s dans le panier, ils risquent d&rsquo;\u00eatre \u00e9puis\u00e9s ! \u2702\ufe0f Passez \u00e0 la caisse maintenant et recevez-les \u00e0 votre adresse dans les 24\/48h. poursuivre les achats Livraison gratuite \u00e0 partir de \u20ac 300<\/p>\n","protected":false},"author":1,"featured_media":0,"parent":0,"menu_order":0,"comment_status":"closed","ping_status":"closed","template":"","meta":{"_acf_changed":false,"footnotes":""},"class_list":["post-3144","page","type-page","status-publish","hentry"],"acf":[],"_links":{"self":[{"href":"https:\/\/tiaretessuti.com\/fr\/wp-json\/wp\/v2\/pages\/3144","targetHints":{"allow":["GET"]}}],"collection":[{"href":"https:\/\/tiaretessuti.com\/fr\/wp-json\/wp\/v2\/pages"}],"about":[{"href":"https:\/\/tiaretessuti.com\/fr\/wp-json\/wp\/v2\/types\/page"}],"author":[{"embeddable":true,"href":"https:\/\/tiaretessuti.com\/fr\/wp-json\/wp\/v2\/users\/1"}],"replies":[{"embeddable":true,"href":"https:\/\/tiaretessuti.com\/fr\/wp-json\/wp\/v2\/comments?post=3144"}],"version-history":[{"count":2,"href":"https:\/\/tiaretessuti.com\/fr\/wp-json\/wp\/v2\/pages\/3144\/revisions"}],"predecessor-version":[{"id":4134,"href":"https:\/\/tiaretessuti.com\/fr\/wp-json\/wp\/v2\/pages\/3144\/revisions\/4134"}],"wp:attachment":[{"href":"https:\/\/tiaretessuti.com\/fr\/wp-json\/wp\/v2\/media?parent=3144"}],"curies":[{"name":"wp","href":"https:\/\/api.w.org\/{rel}","templated":true}]}}